{"id":39058,"date":"2026-02-25T09:50:41","date_gmt":"2026-02-25T08:50:41","guid":{"rendered":"https:\/\/mygreatstays.com\/?page_id=39058"},"modified":"2026-03-18T16:41:17","modified_gmt":"2026-03-18T15:41:17","slug":"privacy-policy","status":"publish","type":"page","link":"https:\/\/mygreatstays.com\/en\/privacy-policy\/","title":{"rendered":"Privacy Policy"},"content":{"rendered":"<h1>Privacy Policy and Legal Notice<\/h1>\n<p>Last updated: March 17, 2026<\/p>\n<p>We understand that maintaining a transparent relationship with you is essential. Therefore, below we present our Privacy Policy so that you are fully informed at all times about how we collect and securely process any data you provide to us.<\/p>\n<p>Your data will be processed in accordance with current legislation and, in particular, in compliance with Regulation (EU) 2016\/679 of April 27, 2016 (GDPR) on the protection of natural persons with regard to the processing of personal data and on the free movement of such data. It also complies with Organic Law 3\/2018 of December 5 on the Protection of Personal Data and Guarantee of Digital Rights.<\/p>\n<p>A careful reading of our Privacy Policy will provide you with the necessary information to understand how we will use the data you provide.<\/p>\n<p>Your data is processed in the files of Grand Latina Home Rentals SL for administrative and commercial purposes, as well as any others derived from the company\u2019s corporate purpose. You may exercise your rights of access, rectification, erasure, or objection by contacting us at: Mi_73@hotmail.com<\/p>\n<h3>1. Data Controller<\/h3>\n<p>If you, or an authorized person, have provided us with your data, we inform you that Grand Latina Home Rentals SL, operating the website https:\/\/mygreatstays.com\/, with tax ID B88501325 and registered address at Paseo de Yeser\u00edas 15F 7A, 28005 Madrid, is responsible for processing your data.<\/p>\n<p>Your data will be processed in accordance with applicable data protection regulations.<\/p>\n<p>At Great Stays, we are committed to maintaining the confidentiality of personal data and fulfilling our duty to safeguard it. We adopt the necessary measures to prevent alteration, loss, unauthorized processing, or access, in accordance with current regulations.<\/p>\n<h3>2. Where do we provide information?<\/h3>\n<p>We provide information through our website www.mygreatstays.com in the section corresponding to this Privacy Policy.<\/p>\n<h3>3. What personal data do we process?<\/h3>\n<p>We process the following personal data:<\/p>\n<ul>\n<li>Data that you voluntarily provide to us<\/li>\n<li>Data derived from communications you maintain with us<\/li>\n<li>Browsing data when using online services (IP address, cookies, or similar technologies \u2013 see our Cookie Policy)<\/li>\n<li>Information available from publicly accessible sources<\/li>\n<li>Data derived from contractual or pre-contractual relationships, including your image where applicable (you will always be informed beforehand)<\/li>\n<li>Data provided by third parties with a legitimate basis or your consent<\/li>\n<li>Data of third parties that you provide to us, with their prior consent<\/li>\n<\/ul>\n<h3>4. How do we process your data?<\/h3>\n<p>We process your personal data in strict compliance with current legislation. Additionally, we apply appropriate technical and organizational measures to ensure a high level of security.<\/p>\n<p>This guarantees that:<\/p>\n<ul>\n<li>Only authorized personnel have access<\/li>\n<li>Data integrity is maintained<\/li>\n<li>Accidental or intentional loss is prevented<\/li>\n<li>Systems and processing services are reinforced<\/li>\n<li>However, as absolute internet security cannot be guaranteed, in the event of a data breach that poses a high risk to individuals\u2019 rights and freedoms, we will notify you without undue delay.<\/li>\n<\/ul>\n<h3>5. Legal basis for processing<\/h3>\n<p>The legal basis for processing personal data depends on the nature of the relationship, including:<\/p>\n<ul>\n<li>Contractual or pre-contractual relationships<\/li>\n<li>Legal obligations<\/li>\n<li>Legitimate interest<\/li>\n<li>Your explicit consent<\/li>\n<\/ul>\n<h3>6. Electronic communications<\/h3>\n<p>In accordance with Law 34\/2002 on Information Society Services and Electronic Commerce and Directive 2002\/58\/EC, we inform you that you may receive commercial communications via electronic means (email, automated responses, etc.) when:<\/p>\n<p>You have given your consent, or they relate to services similar to those previously provided<\/p>\n<p>If you do not wish to receive such communications, you may request cancellation by sending an email with the subject \u201cUNSUBSCRIBE FROM COMMERCIAL COMMUNICATIONS\u201d.<\/p>\n<p>Your request will be processed within one month.<\/p>\n<h3>7. Data retention<\/h3>\n<p>Personal data will be retained:<\/p>\n<p>As long as you do not request its deletion<\/p>\n<p>While a relationship exists that justifies its processing<\/p>\n<p>In compliance with applicable legal retention periods<\/p>\n<p>Once these periods have ended, the data will be deleted from all systems.<\/p>\n<h3>8. Will your data be shared with third parties?<\/h3>\n<p>Your data will not be transferred to third parties unless required by law.<\/p>\n<p>However, to ensure proper operations, we may engage service providers (advisors, professionals, etc.) who process data on our behalf under strict contractual conditions and only following our instructions.<\/p>\n<h3 data-section-id=\"1t1dy0j\" data-start=\"68\" data-end=\"99\">9. What are your rights?<\/h3>\n<p data-start=\"101\" data-end=\"160\">Data protection regulations grant you the following rights:<\/p>\n<p data-start=\"162\" data-end=\"563\"><strong data-start=\"162\" data-end=\"182\">Right of access:<\/strong> This is the User\u2019s right to obtain confirmation as to whether or not their personal data is being processed and, if so, to obtain information about their specific personal data and the processing that has been or is being carried out, as well as, among other things, the available information about the origin of such data and the recipients of any communications made or planned.<\/p>\n<p data-start=\"565\" data-end=\"735\"><strong data-start=\"565\" data-end=\"592\">Right to rectification:<\/strong> This is the User\u2019s right to have their personal data corrected if it is inaccurate or, considering the purposes of the processing, incomplete.<\/p>\n<p data-start=\"737\" data-end=\"1776\"><strong data-start=\"737\" data-end=\"784\">Right to erasure (\u201cright to be forgotten\u201d):<\/strong> This is the User\u2019s right, provided that current legislation does not state otherwise, to obtain the erasure of their personal data when it is no longer necessary for the purposes for which it was collected or processed; when the User has withdrawn their consent and there is no other legal basis for processing; when the User objects to the processing and there are no overriding legitimate grounds to continue; when the personal data has been unlawfully processed; when the personal data must be erased in compliance with a legal obligation; or when the personal data has been obtained through the direct offer of information society services to a child under 14 years of age. In addition to erasing the data, the Data Controller, taking into account available technology and the cost of implementation, must take reasonable steps to inform other controllers processing the personal data of the data subject\u2019s request to erase any links to, or copies or replications of, that personal data.<\/p>\n<p data-start=\"1778\" data-end=\"2235\"><strong data-start=\"1778\" data-end=\"1817\">Right to restriction of processing:<\/strong> This is the User\u2019s right to restrict the processing of their personal data. The User has the right to obtain restriction of processing when they contest the accuracy of their personal data; when the processing is unlawful; when the Data Controller no longer needs the personal data but the User requires it for the establishment, exercise, or defense of legal claims; and when the User has objected to the processing.<\/p>\n<p data-start=\"2237\" data-end=\"2614\"><strong data-start=\"2237\" data-end=\"2267\">Right to data portability:<\/strong> When processing is carried out by automated means, the User has the right to receive their personal data from the Data Controller in a structured, commonly used, and machine-readable format, and to transmit it to another Data Controller. Whenever technically feasible, the Data Controller will directly transmit the data to that other controller.<\/p>\n<p data-start=\"2616\" data-end=\"2782\"><strong data-start=\"2616\" data-end=\"2636\">Right to object:<\/strong> This is the User\u2019s right to object to the processing of their personal data or to request that such processing be stopped by the Data Controller.<\/p>\n<p data-start=\"2784\" data-end=\"3080\"><strong data-start=\"2784\" data-end=\"2884\">Right not to be subject to a decision based solely on automated processing, including profiling:<\/strong> This is the User\u2019s right not to be subject to an individual decision based solely on automated processing of their personal data, including profiling, unless otherwise provided by applicable law.<\/p>\n<p data-start=\"3082\" data-end=\"3379\">If you wish to obtain more information regarding the processing of your data, to rectify inaccurate data, to object to and\/or restrict any processing you consider unnecessary, or to request the erasure of your data when it is no longer needed, you may contact us via email at <strong data-start=\"3358\" data-end=\"3379\"><a class=\"decorated-link cursor-pointer\" rel=\"noopener\" data-start=\"3360\" data-end=\"3377\">Mi_73@hotmail.com<\/a><\/strong><\/p>\n<p data-start=\"3381\" data-end=\"3525\">Such communication must include the following information: full name of the user, the request being made, address, and supporting documentation.<\/p>\n<p data-start=\"3527\" data-end=\"3764\">The exercise of rights must be carried out by the user themselves. However, it may also be exercised by an authorized person acting as their legal representative. In such cases, documentation proving such representation must be provided.<\/p>\n<p data-start=\"3766\" data-end=\"4054\">Likewise, we inform you that you may withdraw your consent at any time without affecting the lawfulness of the processing already carried out, by sending your request to the same address indicated above. In this case, you must include a copy of your ID or another valid proof of identity.<\/p>\n<p data-start=\"4056\" data-end=\"4614\">If you believe that there is a problem or a breach of current regulations in the way your personal data is being processed, you have the right to effective judicial protection and to lodge a complaint with a supervisory authority, particularly in the country of your habitual residence, place of work, or place of the alleged infringement. In Spain, the supervisory authority is the <strong data-start=\"4439\" data-end=\"4480\">Spanish Data Protection Agency (AEPD)<\/strong>:<br data-start=\"4481\" data-end=\"4484\" \/><a class=\"decorated-link\" href=\"https:\/\/www.aepd.es\/\" target=\"_new\" rel=\"noopener\" data-start=\"4484\" data-end=\"4504\">https:\/\/www.aepd.es\/<\/a><br data-start=\"4504\" data-end=\"4507\" \/>C\/ Jorge Juan, 6, 28001 Madrid<br data-start=\"4537\" data-end=\"4540\" \/>Fax: +34 914 483 680<br data-start=\"4560\" data-end=\"4563\" \/>Phone: +34 901 100 099<br data-start=\"4585\" data-end=\"4588\" \/>Email: <a class=\"decorated-link cursor-pointer\" rel=\"noopener\" data-start=\"4595\" data-end=\"4612\">ciudadano@agpd.es<\/a><\/p>\n<h3>10. Purpose and legal basis of data processing<\/h3>\n<p>Below we detail the purposes and legal bases for data processing carried out by the Data Controllers mentioned above.<\/p>\n<table class=\"table table-bordered table-striped\" width=\"679\">\n<tbody>\n<tr>\n<td width=\"105\">\n<h6>ACTIVIDAD DE TRATAMIENTO<\/h6>\n<\/td>\n<td width=\"217\">\n<h6><strong>FINALIDAD DEL TRATAMIENTO<\/strong><\/h6>\n<\/td>\n<td width=\"178\">\n<h6><strong>BASE DE LEGITIMACI\u00d3N<\/strong><\/h6>\n<\/td>\n<td width=\"178\">\n<h6><strong>PLAZO DE CONSERVACI\u00d3N<\/strong><\/h6>\n<\/td>\n<\/tr>\n<tr>\n<td width=\"105\">Gesti\u00f3n laboral<\/td>\n<td width=\"217\">Gesti\u00f3n del personal para formalizaci\u00f3n de un contrato laboral, control de expedientes, gesti\u00f3n de n\u00f3minas<\/td>\n<td width=\"178\">Relaci\u00f3n contractual<\/td>\n<td width=\"178\">5 a\u00f1os desde la finalizaci\u00f3n del contrato<\/td>\n<\/tr>\n<tr>\n<td width=\"105\">Gesti\u00f3n fiscal y contable<\/td>\n<td width=\"217\">Tratamiento necesario para el cumplimiento de las obligaciones fiscales y contables<\/td>\n<td width=\"178\">Relaci\u00f3n contractual<\/p>\n<p>Obligaci\u00f3n legal para el\/la responsable<\/p>\n<p>Intereses leg\u00edtimos prevalentes del responsable o de terceros<\/td>\n<td width=\"178\">5 a\u00f1os desde la finalizaci\u00f3n del contrato<\/p>\n<p>El tiempo necesario para responder de obligaciones legales<\/td>\n<\/tr>\n<tr>\n<td width=\"105\">Gesti\u00f3n de contactos<\/td>\n<td width=\"217\">Tratamiento de los datos para poder mantener comunicaciones con los interesados\/as<\/td>\n<td width=\"178\">Relaci\u00f3n contractual<\/p>\n<p>Intereses leg\u00edtimos prevalentes del responsable o de terceros<\/p>\n<p>Consentimiento expreso del interesado\/a<\/td>\n<td width=\"178\">5 a\u00f1os desde la finalizaci\u00f3n del contrato<\/p>\n<p>Hasta la cancelaci\u00f3n y\/o oposici\u00f3n por parte del\/de la titular<\/p>\n<p>Hasta la p\u00e9rdida relevante de su uso<\/td>\n<\/tr>\n<tr>\n<td width=\"105\">Prevenci\u00f3n de riesgos laborales<\/td>\n<td width=\"217\">Cumplimiento de la legislaci\u00f3n vigente en materia de prevenci\u00f3n de riesgos laborales y vigilancia de la salud<\/td>\n<td width=\"178\">Relaci\u00f3n contractual<\/p>\n<p>Obligaci\u00f3n legal para el\/la responsable<\/td>\n<td width=\"178\">Hasta la finalizaci\u00f3n de la relaci\u00f3n contractual<\/p>\n<p>El plazo legalmente establecido por la normativa espec\u00edfica<\/td>\n<\/tr>\n<tr>\n<td width=\"105\">Gesti\u00f3n de candidatos\/as a un puesto de trabajo<\/td>\n<td width=\"217\">Selecci\u00f3n de personal y provisi\u00f3n de puestos de trabajo mediante gesti\u00f3n de curriculum, entrevistas personales y pruebas de valoraci\u00f3n<\/td>\n<td width=\"178\">Intereses vitales del interesado\/a o de otras personas<\/p>\n<p>Consentimiento expreso del interesado\/a<\/td>\n<td width=\"178\">Finalizado el plazo para el que se solicita cita<\/td>\n<\/tr>\n<tr>\n<td width=\"105\">Organizaci\u00f3n de eventos y actividades<\/td>\n<td width=\"217\">Gesti\u00f3n y coordinaci\u00f3n de actividades y eventos afines a la actividad de la entidad. Control de asistencia y participantes.<\/td>\n<td width=\"178\">Relaci\u00f3n contractual<\/p>\n<p>Consentimiento expreso del interesado\/a<\/td>\n<td width=\"178\">Hasta la cancelaci\u00f3n y\/o oposici\u00f3n por parte del\/de la titular<\/p>\n<p>El tiempo necesario para responder de obligaciones legales<\/td>\n<\/tr>\n<tr>\n<td width=\"105\">Comunicaci\u00f3n informativa y notificaciones<\/td>\n<td width=\"217\">Difusi\u00f3n de actividades y notificaciones de informaci\u00f3n relevante relacionada con la actividad de la entidad<\/td>\n<td width=\"178\">Intereses leg\u00edtimos prevalentes del responsable o de terceros<\/p>\n<p>Consentimiento expreso del interesado\/a<\/td>\n<td width=\"178\">Hasta la cancelaci\u00f3n y\/o oposici\u00f3n por parte del\/de la titular<\/td>\n<\/tr>\n<tr>\n<td width=\"105\">Gesti\u00f3n multimedia<\/td>\n<td width=\"217\">Tratamiento de im\u00e1genes y\/o v\u00eddeos para la difusi\u00f3n en medios de comunicaci\u00f3n y redes sociales y la promoci\u00f3n de las actividades<\/td>\n<td width=\"178\">Consentimiento expreso del interesado\/a<\/td>\n<td width=\"178\">Hasta la cancelaci\u00f3n y\/o oposici\u00f3n por parte del\/de la titular<\/p>\n<p>Hasta la p\u00e9rdida relevante de su uso<\/td>\n<\/tr>\n<tr>\n<td width=\"105\">Gesti\u00f3n de clientes<\/td>\n<td width=\"217\">Tratamiento de los datos necesarios para el mantenimiento de la relaci\u00f3n comercial\/contractual con los clientes, la facturaci\u00f3n, el servicio post-venta, el env\u00edo de promociones y publicidad y la fidelizaci\u00f3n.<\/td>\n<td width=\"178\">Relaci\u00f3n contractual<\/p>\n<p>Relaci\u00f3n comercial<\/td>\n<td width=\"178\">5 a\u00f1os desde la finalizaci\u00f3n del contrato<\/p>\n<p>El plazo legalmente establecido por la normativa espec\u00edfica<\/td>\n<\/tr>\n<tr>\n<td width=\"105\">Env\u00edo de publicidad<\/td>\n<td width=\"217\">Env\u00edo de informaci\u00f3n comercial, notificaciones sobre actos y eventos de inter\u00e9s, ofertas, informaci\u00f3n sobre productos y servicios, a clientes y\/o potenciales clientes.<\/td>\n<td width=\"178\">Consentimiento expreso del interesado\/a<\/td>\n<td width=\"178\">Hasta la cancelaci\u00f3n y\/o oposici\u00f3n por parte del\/de la titular<\/p>\n<p>Hasta la p\u00e9rdida relevante de su uso<\/td>\n<\/tr>\n<tr>\n<td width=\"105\">Control laboral<\/td>\n<td width=\"217\">Control de asistencia de los empleados\/as al puesto de trabajo (vacaciones, faltas de asistencia, registro de jornada)<\/td>\n<td width=\"178\">Relaci\u00f3n contractual<\/p>\n<p>Obligaci\u00f3n legal para el\/la responsable<\/p>\n<p>Intereses leg\u00edtimos prevalentes del responsable o de terceros<\/td>\n<td width=\"178\">Hasta la finalizaci\u00f3n de la relaci\u00f3n contractual<\/td>\n<\/tr>\n<tr>\n<td width=\"105\">Gesti\u00f3n de proveedores<\/td>\n<td width=\"217\">An\u00e1lisis, valoraci\u00f3n, contrataci\u00f3n, gesti\u00f3n de pedidos y gesti\u00f3n de pagos a proveedores<\/td>\n<td width=\"178\">Relaci\u00f3n contractual<\/td>\n<td width=\"178\">5 a\u00f1os desde la finalizaci\u00f3n del contrato<\/p>\n<p>El plazo legalmente establecido por la normativa espec\u00edfica<\/td>\n<\/tr>\n<tr>\n<td width=\"105\">Gesti\u00f3n de reclamaciones y consultas<\/td>\n<td width=\"217\">Gesti\u00f3n de consultas de clientes, potenciales clientes\/as, usuarios\/as y otros interesados\/a, sobre los servicios de la empresa o la gesti\u00f3n de reclamaciones sobre facturaci\u00f3n, entrega del servicio u otras motivaciones.<\/td>\n<td width=\"178\">Consentimiento expreso del interesado\/a<\/td>\n<td width=\"178\">Hasta la cancelaci\u00f3n y\/o oposici\u00f3n por parte del\/de la titular<\/p>\n<p>Hasta la p\u00e9rdida relevante de su uso<\/td>\n<\/tr>\n<tr>\n<td width=\"105\">Gesti\u00f3n de reservas<\/td>\n<td width=\"217\">Datos identificativos necesarios para la reserva de alojamiento<\/td>\n<td width=\"178\">Consentimiento expreso del interesado\/a<\/td>\n<td width=\"178\">El tiempo necesario para responder de obligaciones legales<\/td>\n<\/tr>\n<tr>\n<td width=\"105\">Gesti\u00f3n web<\/td>\n<td width=\"217\">Gestionar las consultas, contactos y reclamaciones recibidas a trav\u00e9s de la p\u00e1gina web<\/td>\n<td width=\"178\">Consentimiento expreso del interesado\/a<\/td>\n<td width=\"178\">Hasta la cancelaci\u00f3n y\/o oposici\u00f3n por parte del\/de la titular<\/p>\n<p>Hasta la p\u00e9rdida relevante de su uso<\/td>\n<\/tr>\n<tr>\n<td width=\"105\">Facturaci\u00f3n<\/td>\n<td width=\"217\">Emisi\u00f3n de facturas a clientes, remesas e domiciliados, cobros y elaboraci\u00f3n de padrones<\/td>\n<td width=\"178\">Relaci\u00f3n contractual<\/p>\n<p>Obligaci\u00f3n legal para el\/la responsable<\/td>\n<td width=\"178\">El tiempo necesario para responder de obligaciones legales<\/td>\n<\/tr>\n<tr>\n<td width=\"105\">Gesti\u00f3n usuarios<\/td>\n<td width=\"217\">Gesti\u00f3n de la relaci\u00f3n con los usuarios dentro de la actividad habitual del responsable de tratamineto<\/td>\n<td width=\"178\">Consentimiento expreso del interesado\/a<\/td>\n<td width=\"178\">Hasta la cancelaci\u00f3n y\/o oposici\u00f3n por parte del\/de la titular<\/td>\n<\/tr>\n<tr>\n<td width=\"105\">Gesti\u00f3n Inmobiliaria<\/td>\n<td width=\"217\">Gesti\u00f3n de los datos necesarios de los clientes para poder gestionar y tramitar los contratos de alquiler, compraventa u otras gestiones de bienes inmuebles<\/td>\n<td width=\"178\">Relaci\u00f3n contractual<\/p>\n<p>Consentimiento expreso del interesado\/a<\/td>\n<td width=\"178\">Hasta la cancelaci\u00f3n y\/o oposici\u00f3n por parte del\/de la titular<\/p>\n<p>El plazo legalmente establecido por la normativa espec\u00edfica<\/td>\n<\/tr>\n<\/tbody>\n<\/table>\n<h2 data-section-id=\"155842v\" data-start=\"58\" data-end=\"114\"><\/h2>\n<h3 data-section-id=\"155842v\" data-start=\"58\" data-end=\"114\"><strong data-start=\"61\" data-end=\"114\">11. Acceptance and Changes to this Privacy Policy<\/strong><\/h3>\n<p data-start=\"116\" data-end=\"507\">It is necessary that the User has read and agrees with the conditions regarding the protection of personal data contained in this Privacy Policy, and that they accept the processing of their personal data so that the Data Controller can proceed with such processing in the manner, for the periods, and for the purposes indicated. Use of the Website implies acceptance of this Privacy Policy.<\/p>\n<p data-start=\"509\" data-end=\"880\">The company reserves the right to modify its Privacy Policy at its own discretion, or due to legislative, case law, or doctrinal changes from the Spanish Data Protection Agency. Any changes or updates to this Privacy Policy will not be explicitly notified to the User. Users are advised to consult this page periodically to stay informed of the latest changes or updates.<\/p>\n<p data-start=\"882\" data-end=\"1272\">This Privacy Policy has been updated to comply with Regulation (EU) 2016\/679 of the European Parliament and of the Council of April 27, 2016 (GDPR), regarding the protection of natural persons with regard to the processing of personal data and on the free movement of such data, as well as Organic Law 3\/2018 of December 5 on the Protection of Personal Data and Guarantee of Digital Rights.<\/p>\n<p data-start=\"1274\" data-end=\"1340\">This Privacy Policy document was last reviewed on: <strong data-start=\"1325\" data-end=\"1339\">03\/18\/2026<\/strong>.<\/p>\n","protected":false},"excerpt":{"rendered":"<p>Privacy Policy and Legal Notice Last updated: March 17, 2026 We understand that maintaining a transparent relationship with you is essential. Therefore, below we present our Privacy Policy so that you are fully informed at all times about how we collect and securely process any data you provide to us. Your data will be processed&#8230;<\/p>\n","protected":false},"author":1,"featured_media":0,"parent":0,"menu_order":0,"comment_status":"closed","ping_status":"closed","template":"","meta":{"_acf_changed":false,"_joinchat":[],"footnotes":""},"class_list":["post-39058","page","type-page","status-publish","hentry"],"acf":[],"_links":{"self":[{"href":"https:\/\/mygreatstays.com\/en\/wp-json\/wp\/v2\/pages\/39058","targetHints":{"allow":["GET"]}}],"collection":[{"href":"https:\/\/mygreatstays.com\/en\/wp-json\/wp\/v2\/pages"}],"about":[{"href":"https:\/\/mygreatstays.com\/en\/wp-json\/wp\/v2\/types\/page"}],"author":[{"embeddable":true,"href":"https:\/\/mygreatstays.com\/en\/wp-json\/wp\/v2\/users\/1"}],"replies":[{"embeddable":true,"href":"https:\/\/mygreatstays.com\/en\/wp-json\/wp\/v2\/comments?post=39058"}],"version-history":[{"count":12,"href":"https:\/\/mygreatstays.com\/en\/wp-json\/wp\/v2\/pages\/39058\/revisions"}],"predecessor-version":[{"id":40700,"href":"https:\/\/mygreatstays.com\/en\/wp-json\/wp\/v2\/pages\/39058\/revisions\/40700"}],"wp:attachment":[{"href":"https:\/\/mygreatstays.com\/en\/wp-json\/wp\/v2\/media?parent=39058"}],"curies":[{"name":"wp","href":"https:\/\/api.w.org\/{rel}","templated":true}]}}